{"id":253,"date":"2024-04-04T11:54:18","date_gmt":"2024-04-04T09:54:18","guid":{"rendered":"https:\/\/nextbike-live.pluspol-networks.de\/vrnnextbike\/?page_id=253"},"modified":"2025-05-08T10:00:30","modified_gmt":"2025-05-08T08:00:30","slug":"b2b","status":"publish","type":"page","link":"https:\/\/www.vrnnextbike.de\/de\/b2b\/","title":{"rendered":"B2B"},"content":{"rendered":"<div class=\"wpb-content-wrapper\"><p>[vc_row ppi_row_padding=&#8220;ppi_remove_padding_bottom&#8220;][vc_column][vc_column_text]<\/p>\n<h1 style=\"text-align: center;\">B2B<\/h1>\n<h3 style=\"text-align: center;\">VRNnextbike f\u00fcr Unternehmen, Events, Hotels und Werbetreibende<\/h3>\n<p>[\/vc_column_text][\/vc_column][\/vc_row][vc_row equal_height=&#8220;yes&#8220; css=&#8220;.vc_custom_1713256922736{margin-bottom: -40px !important;}&#8220;][vc_column width=&#8220;1\/2&#8243; css=&#8220;.vc_custom_1713258715020{margin-bottom: 40px !important;}&#8220;][vc_hoverbox image=&#8220;258&#8243; primary_title=&#8220;BUSINESSbike&#8220; primary_title_font_container=&#8220;color:%23ffffff&#8220; primary_title_use_theme_fonts=&#8220;yes&#8220; hover_title=&#8220;BUSINESSbike&#8220; use_custom_fonts_primary_title=&#8220;true&#8220;]<\/p>\n<p style=\"text-align: left;\"><span style=\"font-size: 14px;\">MOBILIT\u00c4T F\u00dcR UNTERNEHMEN<\/span><\/p>\n<p style=\"text-align: left;\"><span style=\"font-size: 14px;\"><strong>Schnell &amp; Flexibel<\/strong> &#8211; 60 Minuten pro Ausleihe frei in allen teilnehmenden nextbike Systemen<\/span><\/p>\n<p style=\"text-align: left;\"><span style=\"font-size: 14px;\"><strong>G\u00fcnstig<\/strong> &#8211; Bereits ab xx \u20ac pro Mitarbeitendem pro Monat &#8211; keine versteckten Kosten\u00a0<\/span><\/p>\n<p style=\"text-align: left;\"><span style=\"font-size: 14px;\"><strong>Einfach<\/strong> &#8211; Anmeldung\/Verifizierung \u00fcber die Unternehmens-Email-Adresse\u00a0<\/span><\/p>\n<p style=\"text-align: left;\"><span style=\"font-size: 14px;\">VORTEILE F\u00dcR ARBEITGEBER<\/span><\/p>\n<ul style=\"text-align: left;\">\n<li style=\"font-size: 14px;\">Bindung durch einzigartige Mobilit\u00e4t<\/li>\n<li style=\"font-size: 14px;\">Motivation durch ein attraktives Angebot<\/li>\n<li style=\"font-size: 14px;\">Gesunde Fortbewegung ohne Dienstwagen<\/li>\n<li style=\"font-size: 14px;\">Arbeitswege klimaneutral bestreiten<\/li>\n<li style=\"font-size: 14px;\">Bereits ab 50 Mitarbeitenden verf\u00fcgbar<\/li>\n<\/ul>\n<p style=\"text-align: left;\"><span style=\"font-size: 14px;\">KONTAKT:\u00a0<\/span><strong><a href=\"mailto:vertrieb@nextbike.de\"><span style=\"font-size: 14px; color: #0098d8;\">vertrieb@nextbike.de<\/span><\/a><\/strong><\/p>\n<p>[\/vc_hoverbox][\/vc_column][vc_column width=&#8220;1\/2&#8243; css=&#8220;.vc_custom_1713258728301{margin-bottom: 40px !important;}&#8220;][vc_hoverbox image=&#8220;270&#8243; primary_title=&#8220;HOTELbike&#8220; primary_title_font_container=&#8220;color:%23ffffff&#8220; primary_title_use_theme_fonts=&#8220;yes&#8220; hover_title=&#8220;HOTELbike&#8220; use_custom_fonts_primary_title=&#8220;true&#8220;]<\/p>\n<p style=\"text-align: left;\"><span style=\"font-weight: 400;\">VORTEILE F\u00dcR HOTELS<\/span><\/p>\n<ul style=\"text-align: left;\">\n<li style=\"font-weight: 400;\" aria-level=\"1\"><span style=\"font-weight: 400;\">zus\u00e4tzliches Mobilit\u00e4tsangebot f\u00fcr G\u00e4ste<\/span><\/li>\n<li style=\"font-weight: 400;\" aria-level=\"1\"><span style=\"font-weight: 400;\">Wartung und Betrieb von eigenen Hotelr\u00e4dern entf\u00e4llt\u00a0<\/span><\/li>\n<li style=\"font-weight: 400;\" aria-level=\"1\"><span style=\"font-weight: 400;\">einfache Handhabung durch Ausgabe von Gutscheinen an der Rezeption<\/span><\/li>\n<li style=\"font-weight: 400;\" aria-level=\"1\"><span style=\"font-weight: 400;\">Einkauf bei nextbike zu Sonderkonditionen\u00a0<\/span><\/li>\n<\/ul>\n<p style=\"text-align: left;\"><span style=\"font-weight: 400;\">VORTEILE F\u00dcR G\u00c4STE<\/span><\/p>\n<ul style=\"text-align: left;\">\n<li style=\"font-weight: 400;\" aria-level=\"1\"><span style=\"font-weight: 400;\">Regionen flexibel und klimafreundlich erkunden<\/span><\/li>\n<li style=\"font-weight: 400;\" aria-level=\"1\"><span style=\"font-weight: 400;\">kundenfreundliche Abwicklung<\/span><\/li>\n<li style=\"font-weight: 400;\" aria-level=\"1\"><span style=\"font-weight: 400;\">Tages- oder Mehrtagestarife verf\u00fcgbar\u00a0<\/span><\/li>\n<li style=\"font-weight: 400;\" aria-level=\"1\"><span style=\"font-weight: 400;\">keine Hinterlegung eines Zahlungsmittel\u00a0<\/span><\/li>\n<li style=\"font-weight: 400;\" aria-level=\"1\"><span style=\"font-weight: 400;\">Reservierungsfunktion in der nextbike App<\/span><\/li>\n<li style=\"font-weight: 400;\" aria-level=\"1\"><span style=\"font-weight: 400;\">Mehrsprachige Spracheinstellungen in der nextbike App<\/span><\/li>\n<li style=\"font-weight: 400;\" aria-level=\"1\"><span style=\"font-weight: 400;\">keine Zeitbegrenzung pro Fahrt<\/span><\/li>\n<li style=\"font-weight: 400;\" aria-level=\"1\"><span style=\"font-weight: 400;\">flexible Nutzung an allen 400+ VRNnextbike Stationen<\/span><\/li>\n<\/ul>\n<p style=\"text-align: left;\"><span style=\"font-size: 14px;\">KONTAKT:\u00a0<\/span><a href=\"mailto:vertrieb@nextbike.de\"><span style=\"font-size: 14px; color: #0098d8;\"><strong>vertrieb@nextbike.de<\/strong><\/span><\/a><\/p>\n<p>[\/vc_hoverbox][\/vc_column][\/vc_row][vc_row ppi_row_padding=&#8220;ppi_remove_padding_top&#8220; equal_height=&#8220;yes&#8220;][vc_column width=&#8220;1\/2&#8243; css=&#8220;.vc_custom_1713267480170{margin-bottom: 40px !important;}&#8220;][vc_hoverbox image=&#8220;273&#8243; primary_title=&#8220;EVENTbike&#8220; primary_title_font_container=&#8220;color:%23ffffff&#8220; primary_title_use_theme_fonts=&#8220;yes&#8220; hover_title=&#8220;EVENTbike&#8220; use_custom_fonts_primary_title=&#8220;true&#8220;]<\/p>\n<p style=\"text-align: left;\"><span style=\"font-size: 16px;\">MOBILIT\u00c4T F\u00dcR VERANSTALTUNGEN<\/span><\/p>\n<ul style=\"text-align: left;\">\n<li style=\"font-size: 16px;\">Mit VRNnextbike emissionsfrei, gesund und zukunftsf\u00e4hig zum Event<\/li>\n<li style=\"font-size: 16px;\">Ideal f\u00fcr \u00f6ffentliche Veranstaltungen (z.B. Kultur-, Musik- &amp; Sportevents) &#8211; unabh\u00e4ngig von Veranstaltungsgr\u00f6\u00dfe und Dauer<\/li>\n<li style=\"font-size: 16px;\">Praktisch f\u00fcr Veranstaltungen mit geschlossenem Teilnehmendenkreis (z.B. Messen &amp; Kongresse)<\/li>\n<\/ul>\n<p style=\"text-align: left;\"><span style=\"font-size: 16px;\">VORTEILE F\u00dcR VERANSTALTER<\/span><\/p>\n<ul style=\"text-align: left;\">\n<li style=\"font-size: 16px;\">Freifahrten f\u00fcr Besucher*innen zur Anreise oder Abreise<\/li>\n<li style=\"font-size: 16px;\">Option der Errichtung von virtuellen Bike-Sharing Stationen am Veranstaltungsort<\/li>\n<\/ul>\n<p style=\"text-align: left;\"><span style=\"font-size: 16px;\"><br \/>\nKONTAKT:\u00a0<\/span><strong><a href=\"mailto:vertrieb@nextbike.de\"><span style=\"font-size: 16px; color: #0098d8;\">vertrieb@nextbike.de<\/span><\/a><\/strong><\/p>\n<p>[\/vc_hoverbox][\/vc_column][vc_column width=&#8220;1\/2&#8243; css=&#8220;.vc_custom_1713267488258{margin-bottom: 40px !important;}&#8220;][vc_hoverbox image=&#8220;276&#8243; primary_title=&#8220;ADbike&#8220; primary_title_font_container=&#8220;color:%23ffffff&#8220; primary_title_use_theme_fonts=&#8220;yes&#8220; hover_title=&#8220;ADbike&#8220; use_custom_fonts_primary_title=&#8220;true&#8220;]<\/p>\n<p style=\"text-align: left;\">WERBUNG AUF DEM SYMPATHISCHSTEN WERBETR\u00c4GER DER WELT<\/p>\n<ul style=\"text-align: left;\">\n<li style=\"font-weight: 400;\" aria-level=\"1\"><span style=\"font-weight: 400;\">Dort werben, wo es klassische Werbung nicht kann<\/span><\/li>\n<li style=\"font-weight: 400;\" aria-level=\"1\"><span style=\"font-weight: 400;\">Botschaften in Bewegung &#8211; den ganzen Tag<\/span><\/li>\n<li style=\"font-weight: 400;\" aria-level=\"1\"><span style=\"font-weight: 400;\">Sonderkonditionen f\u00fcr lokale Werbetreibende im VRN Gebiet<\/span><\/li>\n<li style=\"font-weight: 400;\" aria-level=\"1\"><span style=\"font-weight: 400;\">Mindestvolumen 50 Fahrr\u00e4der<\/span><\/li>\n<\/ul>\n<p><span style=\"font-size: 16px;\">\u00a0 <\/span><\/p>\n<p><span style=\"font-size: 16px;\">\u00a0 <\/span><\/p>\n<p><span style=\"font-size: 16px;\">\u00a0 <\/span><\/p>\n<p><span style=\"font-size: 16px;\">\u00a0 <\/span><\/p>\n<p style=\"text-align: left;\"><span style=\"font-size: 16px;\">KONTAKT:\u00a0<\/span><a href=\"mailto:vertrieb@nextbike.de\"><span style=\"font-size: 16px; color: #0098d8;\"><strong>vertrieb@nextbike.de<\/strong><\/span><\/a><\/p>\n<p>[\/vc_hoverbox][\/vc_column][\/vc_row]<\/p>\n<\/div>","protected":false},"excerpt":{"rendered":"<p>[vc_row ppi_row_padding=&#8220;ppi_remove_padding_bottom&#8220;][vc_column][vc_column_text] B2B VRNnextbike f\u00fcr Unternehmen, Events, Hotels und Werbetreibende [\/vc_column_text][\/vc_column][\/vc_row][vc_row equal_height=&#8220;yes&#8220; css=&#8220;.vc_custom_1713256922736{margin-bottom: -40px !important;}&#8220;][vc_column width=&#8220;1\/2&#8243; css=&#8220;.vc_custom_1713258715020{margin-bottom: 40px !important;}&#8220;][vc_hoverbox image=&#8220;258&#8243; primary_title=&#8220;BUSINESSbike&#8220; primary_title_font_container=&#8220;color:%23ffffff&#8220; primary_title_use_theme_fonts=&#8220;yes&#8220; hover_title=&#8220;BUSINESSbike&#8220; use_custom_fonts_primary_title=&#8220;true&#8220;] MOBILIT\u00c4T F\u00dcR UNTERNEHMEN Schnell &amp; Flexibel &#8211; 60 Minuten pro Ausleihe frei in allen teilnehmenden nextbike Systemen G\u00fcnstig &#8211; Bereits ab xx \u20ac pro Mitarbeitendem pro Monat &#8211; keine versteckten [&hellip;]<\/p>\n","protected":false},"author":13,"featured_media":0,"parent":0,"menu_order":0,"comment_status":"closed","ping_status":"closed","template":"page-bubble.php","meta":{"_acf_changed":false,"inline_featured_image":false,"footnotes":""},"class_list":["post-253","page","type-page","status-publish","hentry"],"acf":[],"yoast_head":"<!-- This site is optimized with the Yoast SEO plugin v27.2 - https:\/\/yoast.com\/product\/yoast-seo-wordpress\/ -->\n<title>B2B - VRNnextbike f\u00fcr Businesspartner<\/title>\n<meta name=\"description\" content=\"Eine Station vorm eigenen Unternehmen, Eventstationen f\u00fcr Veranstaltungen, Mobilit\u00e4t f\u00fcr Hotelg\u00e4ste und unsere R\u00e4der als Werbetr\u00e4ger.\" \/>\n<meta name=\"robots\" content=\"index, follow, max-snippet:-1, max-image-preview:large, max-video-preview:-1\" \/>\n<link rel=\"canonical\" href=\"https:\/\/www.vrnnextbike.de\/de\/b2b\/\" \/>\n<meta property=\"og:locale\" content=\"de_DE\" \/>\n<meta property=\"og:type\" content=\"article\" \/>\n<meta property=\"og:title\" content=\"B2B - VRNnextbike f\u00fcr Businesspartner\" \/>\n<meta property=\"og:description\" content=\"Eine Station vorm eigenen Unternehmen, Eventstationen f\u00fcr Veranstaltungen, Mobilit\u00e4t f\u00fcr Hotelg\u00e4ste und unsere R\u00e4der als Werbetr\u00e4ger.\" \/>\n<meta property=\"og:url\" content=\"https:\/\/www.vrnnextbike.de\/de\/b2b\/\" \/>\n<meta property=\"og:site_name\" content=\"VRNnextbike\" \/>\n<meta property=\"article:modified_time\" content=\"2025-05-08T08:00:30+00:00\" \/>\n<meta name=\"twitter:card\" content=\"summary_large_image\" \/>\n<meta name=\"twitter:label1\" content=\"Gesch\u00e4tzte Lesezeit\" \/>\n\t<meta name=\"twitter:data1\" content=\"3\u00a0Minuten\" \/>\n<script type=\"application\/ld+json\" class=\"yoast-schema-graph\">{\"@context\":\"https:\/\/schema.org\",\"@graph\":[{\"@type\":\"WebPage\",\"@id\":\"https:\/\/www.vrnnextbike.de\/de\/b2b\/\",\"url\":\"https:\/\/www.vrnnextbike.de\/de\/b2b\/\",\"name\":\"B2B - VRNnextbike f\u00fcr Businesspartner\",\"isPartOf\":{\"@id\":\"https:\/\/www.vrnnextbike.de\/de\/#website\"},\"datePublished\":\"2024-04-04T09:54:18+00:00\",\"dateModified\":\"2025-05-08T08:00:30+00:00\",\"description\":\"Eine Station vorm eigenen Unternehmen, Eventstationen f\u00fcr Veranstaltungen, Mobilit\u00e4t f\u00fcr Hotelg\u00e4ste und unsere R\u00e4der als Werbetr\u00e4ger.\",\"breadcrumb\":{\"@id\":\"https:\/\/www.vrnnextbike.de\/de\/b2b\/#breadcrumb\"},\"inLanguage\":\"de\",\"potentialAction\":[{\"@type\":\"ReadAction\",\"target\":[\"https:\/\/www.vrnnextbike.de\/de\/b2b\/\"]}]},{\"@type\":\"BreadcrumbList\",\"@id\":\"https:\/\/www.vrnnextbike.de\/de\/b2b\/#breadcrumb\",\"itemListElement\":[{\"@type\":\"ListItem\",\"position\":1,\"name\":\"Startseite\",\"item\":\"https:\/\/www.vrnnextbike.de\/de\/\"},{\"@type\":\"ListItem\",\"position\":2,\"name\":\"B2B\"}]},{\"@type\":\"WebSite\",\"@id\":\"https:\/\/www.vrnnextbike.de\/de\/#website\",\"url\":\"https:\/\/www.vrnnextbike.de\/de\/\",\"name\":\"VRNnextbike\",\"description\":\"Bikesharing im Verkehrsverbund Rhein-Neckar\",\"potentialAction\":[{\"@type\":\"SearchAction\",\"target\":{\"@type\":\"EntryPoint\",\"urlTemplate\":\"https:\/\/www.vrnnextbike.de\/de\/?s={search_term_string}\"},\"query-input\":{\"@type\":\"PropertyValueSpecification\",\"valueRequired\":true,\"valueName\":\"search_term_string\"}}],\"inLanguage\":\"de\"}]}<\/script>\n<!-- \/ Yoast SEO plugin. -->","yoast_head_json":{"title":"B2B - VRNnextbike f\u00fcr Businesspartner","description":"Eine Station vorm eigenen Unternehmen, Eventstationen f\u00fcr Veranstaltungen, Mobilit\u00e4t f\u00fcr Hotelg\u00e4ste und unsere R\u00e4der als Werbetr\u00e4ger.","robots":{"index":"index","follow":"follow","max-snippet":"max-snippet:-1","max-image-preview":"max-image-preview:large","max-video-preview":"max-video-preview:-1"},"canonical":"https:\/\/www.vrnnextbike.de\/de\/b2b\/","og_locale":"de_DE","og_type":"article","og_title":"B2B - VRNnextbike f\u00fcr Businesspartner","og_description":"Eine Station vorm eigenen Unternehmen, Eventstationen f\u00fcr Veranstaltungen, Mobilit\u00e4t f\u00fcr Hotelg\u00e4ste und unsere R\u00e4der als Werbetr\u00e4ger.","og_url":"https:\/\/www.vrnnextbike.de\/de\/b2b\/","og_site_name":"VRNnextbike","article_modified_time":"2025-05-08T08:00:30+00:00","twitter_card":"summary_large_image","twitter_misc":{"Gesch\u00e4tzte Lesezeit":"3\u00a0Minuten"},"schema":{"@context":"https:\/\/schema.org","@graph":[{"@type":"WebPage","@id":"https:\/\/www.vrnnextbike.de\/de\/b2b\/","url":"https:\/\/www.vrnnextbike.de\/de\/b2b\/","name":"B2B - VRNnextbike f\u00fcr Businesspartner","isPartOf":{"@id":"https:\/\/www.vrnnextbike.de\/de\/#website"},"datePublished":"2024-04-04T09:54:18+00:00","dateModified":"2025-05-08T08:00:30+00:00","description":"Eine Station vorm eigenen Unternehmen, Eventstationen f\u00fcr Veranstaltungen, Mobilit\u00e4t f\u00fcr Hotelg\u00e4ste und unsere R\u00e4der als Werbetr\u00e4ger.","breadcrumb":{"@id":"https:\/\/www.vrnnextbike.de\/de\/b2b\/#breadcrumb"},"inLanguage":"de","potentialAction":[{"@type":"ReadAction","target":["https:\/\/www.vrnnextbike.de\/de\/b2b\/"]}]},{"@type":"BreadcrumbList","@id":"https:\/\/www.vrnnextbike.de\/de\/b2b\/#breadcrumb","itemListElement":[{"@type":"ListItem","position":1,"name":"Startseite","item":"https:\/\/www.vrnnextbike.de\/de\/"},{"@type":"ListItem","position":2,"name":"B2B"}]},{"@type":"WebSite","@id":"https:\/\/www.vrnnextbike.de\/de\/#website","url":"https:\/\/www.vrnnextbike.de\/de\/","name":"VRNnextbike","description":"Bikesharing im Verkehrsverbund Rhein-Neckar","potentialAction":[{"@type":"SearchAction","target":{"@type":"EntryPoint","urlTemplate":"https:\/\/www.vrnnextbike.de\/de\/?s={search_term_string}"},"query-input":{"@type":"PropertyValueSpecification","valueRequired":true,"valueName":"search_term_string"}}],"inLanguage":"de"}]}},"_links":{"self":[{"href":"https:\/\/www.vrnnextbike.de\/de\/wp-json\/wp\/v2\/pages\/253","targetHints":{"allow":["GET"]}}],"collection":[{"href":"https:\/\/www.vrnnextbike.de\/de\/wp-json\/wp\/v2\/pages"}],"about":[{"href":"https:\/\/www.vrnnextbike.de\/de\/wp-json\/wp\/v2\/types\/page"}],"author":[{"embeddable":true,"href":"https:\/\/www.vrnnextbike.de\/de\/wp-json\/wp\/v2\/users\/13"}],"replies":[{"embeddable":true,"href":"https:\/\/www.vrnnextbike.de\/de\/wp-json\/wp\/v2\/comments?post=253"}],"version-history":[{"count":25,"href":"https:\/\/www.vrnnextbike.de\/de\/wp-json\/wp\/v2\/pages\/253\/revisions"}],"predecessor-version":[{"id":348,"href":"https:\/\/www.vrnnextbike.de\/de\/wp-json\/wp\/v2\/pages\/253\/revisions\/348"}],"wp:attachment":[{"href":"https:\/\/www.vrnnextbike.de\/de\/wp-json\/wp\/v2\/media?parent=253"}],"curies":[{"name":"wp","href":"https:\/\/api.w.org\/{rel}","templated":true}]}}